{"id":6758,"date":"2017-04-06T12:38:13","date_gmt":"2017-04-06T10:38:13","guid":{"rendered":"http:\/\/blog.empikfoto.pl\/?page_id=6758"},"modified":"2021-07-19T10:56:02","modified_gmt":"2021-07-19T08:56:02","slug":"strona-glowna","status":"publish","type":"page","link":"https:\/\/www.empikfoto.sk\/blog\/","title":{"rendered":"Strona g\u0142\u00f3wna"},"content":{"rendered":"","protected":false},"excerpt":{"rendered":"","protected":false},"author":8,"featured_media":0,"parent":0,"menu_order":0,"comment_status":"closed","ping_status":"closed","template":"homepage.php","meta":{"footnotes":""},"yoast_head":"<!-- This site is optimized with the Yoast SEO plugin v23.0 - https:\/\/yoast.com\/wordpress\/plugins\/seo\/ -->\n<title>Blog.empikfoto.sk | Nechajte sa in\u0161pirova\u0165 a darujte spomienky!<\/title>\n<meta name=\"description\" content=\"Dosta\u0165 in\u0161pir\u00e1ciu! Na blog.empikfoto.sk n\u00e1jdete in\u0161pir\u00e1ciu, n\u00e1pady na dar\u010deky, foton\u00e1vody a \u010dl\u00e1nky o \u017eivotnom \u0161t\u00fdle nielen o fotografii\" \/>\n<meta name=\"robots\" content=\"index, follow, max-snippet:-1, max-image-preview:large, max-video-preview:-1\" \/>\n<link rel=\"canonical\" href=\"https:\/\/www.empikfoto.sk\/blog\/\" \/>\n<meta property=\"og:locale\" content=\"pl_PL\" \/>\n<meta property=\"og:type\" content=\"article\" \/>\n<meta property=\"og:title\" content=\"Blog.empikfoto.pl | ZAINSPIRUJ SI\u0118!\" \/>\n<meta property=\"og:description\" content=\"Zainspiruj si\u0119! Na blog.empikfoto.pl znajdziesz inspiracje, pomys\u0142y na prezenty DIY, poradniki fotograficzne i lifestyle&#039;owe artyku\u0142y nie tylko o fotografii.\" \/>\n<meta property=\"og:url\" content=\"https:\/\/www.empikfoto.sk\/blog\/\" \/>\n<meta property=\"og:site_name\" content=\"blog.empikfoto.sk\" \/>\n<meta property=\"article:publisher\" content=\"https:\/\/www.facebook.com\/empikfotopl\/\" \/>\n<meta property=\"article:modified_time\" content=\"2021-07-19T08:56:02+00:00\" \/>\n<meta property=\"og:image\" content=\"https:\/\/blog.empikfoto.sk\/empikfoto\/2017\/04\/Blogempikfotopl_FB.png\" \/>\n<meta name=\"twitter:card\" content=\"summary_large_image\" \/>\n<meta name=\"twitter:site\" content=\"@empikfoto\" \/>\n<script type=\"application\/ld+json\" class=\"yoast-schema-graph\">{\"@context\":\"https:\/\/schema.org\",\"@graph\":[{\"@type\":\"WebPage\",\"@id\":\"https:\/\/www.empikfoto.sk\/blog\/\",\"url\":\"https:\/\/www.empikfoto.sk\/blog\/\",\"name\":\"Blog.empikfoto.sk | Nechajte sa in\u0161pirova\u0165 a darujte spomienky!\",\"isPartOf\":{\"@id\":\"https:\/\/www.empikfoto.sk\/blog\/#website\"},\"datePublished\":\"2017-04-06T10:38:13+00:00\",\"dateModified\":\"2021-07-19T08:56:02+00:00\",\"description\":\"Dosta\u0165 in\u0161pir\u00e1ciu! Na blog.empikfoto.sk n\u00e1jdete in\u0161pir\u00e1ciu, n\u00e1pady na dar\u010deky, foton\u00e1vody a \u010dl\u00e1nky o \u017eivotnom \u0161t\u00fdle nielen o fotografii\",\"breadcrumb\":{\"@id\":\"https:\/\/www.empikfoto.sk\/blog\/#breadcrumb\"},\"inLanguage\":\"pl-PL\",\"potentialAction\":[{\"@type\":\"ReadAction\",\"target\":[\"https:\/\/www.empikfoto.sk\/blog\/\"]}]},{\"@type\":\"BreadcrumbList\",\"@id\":\"https:\/\/www.empikfoto.sk\/blog\/#breadcrumb\",\"itemListElement\":[{\"@type\":\"ListItem\",\"position\":1,\"name\":\"Home\",\"item\":\"https:\/\/www.empikfoto.sk\/blog\/\"},{\"@type\":\"ListItem\",\"position\":2,\"name\":\"Strona g\u0142\u00f3wna\"}]},{\"@type\":\"WebSite\",\"@id\":\"https:\/\/www.empikfoto.sk\/blog\/#website\",\"url\":\"https:\/\/www.empikfoto.sk\/blog\/\",\"name\":\"blog.empikfoto.sk\",\"description\":\"Zozn\u00e1mte empikfoto.sk zvn\u00fatra! Z\u00edskajte viac inform\u00e1ci\u00ed o v\u00fdtla\u010dkoch, fotoknih\u00e1ch a fotografi\u00e1ch.\",\"potentialAction\":[{\"@type\":\"SearchAction\",\"target\":{\"@type\":\"EntryPoint\",\"urlTemplate\":\"https:\/\/www.empikfoto.sk\/blog\/?s={search_term_string}\"},\"query-input\":\"required name=search_term_string\"}],\"inLanguage\":\"pl-PL\"}]}<\/script>\n<!-- \/ Yoast SEO plugin. -->","yoast_head_json":{"title":"Blog.empikfoto.sk | Nechajte sa in\u0161pirova\u0165 a darujte spomienky!","description":"Dosta\u0165 in\u0161pir\u00e1ciu! Na blog.empikfoto.sk n\u00e1jdete in\u0161pir\u00e1ciu, n\u00e1pady na dar\u010deky, foton\u00e1vody a \u010dl\u00e1nky o \u017eivotnom \u0161t\u00fdle nielen o fotografii","robots":{"index":"index","follow":"follow","max-snippet":"max-snippet:-1","max-image-preview":"max-image-preview:large","max-video-preview":"max-video-preview:-1"},"canonical":"https:\/\/www.empikfoto.sk\/blog\/","og_locale":"pl_PL","og_type":"article","og_title":"Blog.empikfoto.pl | ZAINSPIRUJ SI\u0118!","og_description":"Zainspiruj si\u0119! Na blog.empikfoto.pl znajdziesz inspiracje, pomys\u0142y na prezenty DIY, poradniki fotograficzne i lifestyle'owe artyku\u0142y nie tylko o fotografii.","og_url":"https:\/\/www.empikfoto.sk\/blog\/","og_site_name":"blog.empikfoto.sk","article_publisher":"https:\/\/www.facebook.com\/empikfotopl\/","article_modified_time":"2021-07-19T08:56:02+00:00","og_image":[{"url":"https:\/\/blog.empikfoto.sk\/empikfoto\/2017\/04\/Blogempikfotopl_FB.png"}],"twitter_card":"summary_large_image","twitter_site":"@empikfoto","schema":{"@context":"https:\/\/schema.org","@graph":[{"@type":"WebPage","@id":"https:\/\/www.empikfoto.sk\/blog\/","url":"https:\/\/www.empikfoto.sk\/blog\/","name":"Blog.empikfoto.sk | Nechajte sa in\u0161pirova\u0165 a darujte spomienky!","isPartOf":{"@id":"https:\/\/www.empikfoto.sk\/blog\/#website"},"datePublished":"2017-04-06T10:38:13+00:00","dateModified":"2021-07-19T08:56:02+00:00","description":"Dosta\u0165 in\u0161pir\u00e1ciu! Na blog.empikfoto.sk n\u00e1jdete in\u0161pir\u00e1ciu, n\u00e1pady na dar\u010deky, foton\u00e1vody a \u010dl\u00e1nky o \u017eivotnom \u0161t\u00fdle nielen o fotografii","breadcrumb":{"@id":"https:\/\/www.empikfoto.sk\/blog\/#breadcrumb"},"inLanguage":"pl-PL","potentialAction":[{"@type":"ReadAction","target":["https:\/\/www.empikfoto.sk\/blog\/"]}]},{"@type":"BreadcrumbList","@id":"https:\/\/www.empikfoto.sk\/blog\/#breadcrumb","itemListElement":[{"@type":"ListItem","position":1,"name":"Home","item":"https:\/\/www.empikfoto.sk\/blog\/"},{"@type":"ListItem","position":2,"name":"Strona g\u0142\u00f3wna"}]},{"@type":"WebSite","@id":"https:\/\/www.empikfoto.sk\/blog\/#website","url":"https:\/\/www.empikfoto.sk\/blog\/","name":"blog.empikfoto.sk","description":"Zozn\u00e1mte empikfoto.sk zvn\u00fatra! Z\u00edskajte viac inform\u00e1ci\u00ed o v\u00fdtla\u010dkoch, fotoknih\u00e1ch a fotografi\u00e1ch.","potentialAction":[{"@type":"SearchAction","target":{"@type":"EntryPoint","urlTemplate":"https:\/\/www.empikfoto.sk\/blog\/?s={search_term_string}"},"query-input":"required name=search_term_string"}],"inLanguage":"pl-PL"}]}},"_links":{"self":[{"href":"https:\/\/www.empikfoto.sk\/blog\/wp-json\/wp\/v2\/pages\/6758"}],"collection":[{"href":"https:\/\/www.empikfoto.sk\/blog\/wp-json\/wp\/v2\/pages"}],"about":[{"href":"https:\/\/www.empikfoto.sk\/blog\/wp-json\/wp\/v2\/types\/page"}],"author":[{"embeddable":true,"href":"https:\/\/www.empikfoto.sk\/blog\/wp-json\/wp\/v2\/users\/8"}],"replies":[{"embeddable":true,"href":"https:\/\/www.empikfoto.sk\/blog\/wp-json\/wp\/v2\/comments?post=6758"}],"version-history":[{"count":2,"href":"https:\/\/www.empikfoto.sk\/blog\/wp-json\/wp\/v2\/pages\/6758\/revisions"}],"predecessor-version":[{"id":6760,"href":"https:\/\/www.empikfoto.sk\/blog\/wp-json\/wp\/v2\/pages\/6758\/revisions\/6760"}],"wp:attachment":[{"href":"https:\/\/www.empikfoto.sk\/blog\/wp-json\/wp\/v2\/media?parent=6758"}],"curies":[{"name":"wp","href":"https:\/\/api.w.org\/{rel}","templated":true}]}}