{"id":6756,"date":"2017-04-06T12:37:46","date_gmt":"2017-04-06T10:37:46","guid":{"rendered":"http:\/\/blog.empikfoto.pl\/?page_id=6756"},"modified":"2019-07-04T17:55:59","modified_gmt":"2019-07-04T15:55:59","slug":"o-nas","status":"publish","type":"page","link":"https:\/\/www.empikfoto.sk\/blog\/o-nas\/","title":{"rendered":"O n\u00e1s"},"content":{"rendered":"<div class=\" span-1-of-1 boxes\">\n<div class=\"span-1-of-1\">\n<div class=\"margin_box tiny-html-box \">\n<p>Empik Foto s\u00fa vysoko kvalitn\u00e9 digit\u00e1lne fotografie a fotodar\u010deky, ktor\u00e9 v\u00e1m dovolia zachyti\u0165 ob\u013e\u00faben\u00e9 momenty a zdie\u013ea\u0165 ich s priate\u013emi a bl\u00edzkymi. Na\u0161e fotokn\u00ed\u017eky, hrn\u010deky, puzdr\u00e1 na telef\u00f3ny, tri\u010dk\u00e1, vank\u00fa\u0161iky, kalend\u00e1re, fotoobrazy a plag\u00e1ty sa skvele osved\u010dia ako origin\u00e1lny suven\u00edr, n\u00e1stenn\u00e1 ozdoba, a tie\u017e personalizovan\u00fd dar\u010dek.<\/p>\n<\/div>\n<\/div>\n<\/div>\n<div class=\" span-2-of-4 boxes\">\n<div class=\"span-1-of-1\">\n<div class=\"margin_box tiny-html-box \">\n<h2>O\u017eivujeme spomienky<\/h2>\n<p>Od v\u00fdznamn\u00fdch a nezabudnute\u013en\u00fdch udalost\u00ed po oby\u010dajn\u00e9, ka\u017edodenn\u00e9 chv\u00edle \u2013 \u017eivot pon\u00faka ka\u017ed\u00e9mu z n\u00e1s ve\u013ea v\u00fdnimo\u010dn\u00fdch chv\u00ed\u013e. Ver\u00edme, \u017ee je ka\u017ed\u00e1 z nich neopakovate\u013en\u00e1, a pr\u00e1ve preto v\u00e1m pom\u00e1hame uchova\u0165 najkraj\u0161ie spomienky, ktor\u00e9 men\u00edme na fotografie, fotokn\u00ed\u017eky a suven\u00edry, ktor\u00e9 si budete m\u00f4c\u0165 u\u017e\u00edva\u0165 po dlh\u00e9 roky.<\/p>\n<\/div>\n<\/div>\n<\/div>\n<div class=\" span-2-of-4 boxes\">\n<div class=\"span-1-of-1\">\n<div class=\"margin_box tiny-html-box \">\n<p><img loading=\"lazy\" decoding=\"async\" class=\"aligncenter\" src=\"https:\/\/static.empikfoto.pl\/slowacja\/images\/O-nas\/2.jpg\" alt=\"\" width=\"579\" height=\"386\" \/><\/p>\n<\/div>\n<\/div>\n<\/div>\n<div class=\" span-2-of-4 boxes\">\n<div class=\"span-1-of-1\">\n<div class=\"margin_box tiny-html-box \">\n<h2>N\u00e1s pr\u00edbeh<\/h2>\n<p>Za\u010dali sme v roku 1996, ke\u010f sa e\u0161te fotografie robili na tradi\u010dnom fotografickom filme a vyvol\u00e1vali v predajniach s fotografick\u00fdmi slu\u017ebami, zatia\u013e \u010do sn\u00edmky sa lepili do albumov. Odvtedy sa ve\u013ea zmenilo, a my sme sa preniesli zo stacion\u00e1rnych sal\u00f3nov na web a stali sme sa najpopul\u00e1rnej\u0161\u00edm online obchodom vo svojom odbore v Po\u013esku. Povzbuden\u00ed \u00faspechom na rodnom trhu, sme roz\u0161\u00edrili \u010dinnos\u0165 na \u00fazem\u00ed \u010ceskej republiky a Slovenska, kde sme pr\u00edtomn\u00ed od roku 2017. Neust\u00e1le sa men\u00edme a rozv\u00edjame, ale na\u010falej sme vern\u00ed na\u0161ej prvotnej amb\u00edcii, aby sme zachyten\u00e9 spomienky o\u017eivovali najkvalitnej\u0161\u00edmi fotografick\u00fdmi produktmi.<\/p>\n<\/div>\n<\/div>\n<\/div>\n<div class=\" span-2-of-4 boxes\">\n<div class=\"span-1-of-1\">\n<div class=\"margin_box tiny-html-box \">\n<h2><img loading=\"lazy\" decoding=\"async\" class=\"aligncenter\" style=\"font-size: 16px;\" src=\"https:\/\/static.empikfoto.pl\/slowacja\/images\/O-nas\/1.jpg\" alt=\"\" width=\"579\" height=\"386\" \/><\/h2>\n<h2>Pr\u00eds\u013eub najvy\u0161\u0161ej kvality<\/h2>\n<p>V Empik Foto vyv\u00edjame snahu o perfektn\u00e9 vykonanie ka\u017ed\u00e9ho produktu, preto neuzn\u00e1vame kompromisy s kvalitou. V\u010faka najmodernej\u0161\u00edm technol\u00f3gi\u00e1m, najkvalitnej\u0161\u00edm materi\u00e1lom a trochu m\u00e1gie, v\u00e1m pom\u00e1hame zmeni\u0165 va\u0161e ob\u013e\u00faben\u00e9 spomienky na fotografie a fotodar\u010deky, ktor\u00e9 v\u00e1m bud\u00fa robi\u0165 rados\u0165 po cel\u00fd \u017eivot. Disponujeme vlastn\u00fdm fotografick\u00fdm laborat\u00f3riom, \u010do n\u00e1m zais\u0165uje pln\u00fa kontrolu nad v\u00fdrobn\u00fdm procesom, a va\u0161\u00edm fotografi\u00e1m \u2013 profesion\u00e1lne spracovanie, ktor\u00e9 si zasl\u00fa\u017eia. V\u00fdsledok? Prvorad\u00e1 kvalita prevedenia a fotoprodukty pod\u013ea va\u0161ich o\u010dak\u00e1van\u00ed.<\/p>\n<\/div>\n<\/div>\n<\/div>\n<div class=\" span-2-of-4 boxes\">\n<div class=\"span-1-of-1\">\n<div class=\"margin_box tiny-html-box \">\n<p><img loading=\"lazy\" decoding=\"async\" class=\"aligncenter\" src=\"https:\/\/static.empikfoto.pl\/slowacja\/images\/O-nas\/3.jpg\" alt=\"\" width=\"579\" height=\"386\" \/><\/p>\n<\/div>\n<\/div>\n<\/div>\n","protected":false},"excerpt":{"rendered":"<p>Empik Foto s\u00fa vysoko kvalitn\u00e9 digit\u00e1lne fotografie a fotodar\u010deky, ktor\u00e9 v\u00e1m dovolia zachyti\u0165 ob\u013e\u00faben\u00e9 momenty a zdie\u013ea\u0165 ich s priate\u013emi a bl\u00edzkymi. Na\u0161e fotokn\u00ed\u017eky, hrn\u010deky, puzdr\u00e1 na telef\u00f3ny, tri\u010dk\u00e1, vank\u00fa\u0161iky, kalend\u00e1re, fotoobrazy a plag\u00e1ty sa skvele osved\u010dia ako origin\u00e1lny suven\u00edr, n\u00e1stenn\u00e1 ozdoba, a tie\u017e personalizovan\u00fd dar\u010dek. O\u017eivujeme spomienky Od v\u00fdznamn\u00fdch a nezabudnute\u013en\u00fdch udalost\u00ed po oby\u010dajn\u00e9, ka\u017edodenn\u00e9 chv\u00edle \u2013 \u017eivot pon\u00faka ka\u017ed\u00e9mu z n\u00e1s ve\u013ea v\u00fdnimo\u010dn\u00fdch chv\u00ed\u013e. Ver\u00edme, \u017ee je ka\u017ed\u00e1 z nich neopakovate\u013en\u00e1, a pr\u00e1ve preto v\u00e1m pom\u00e1hame uchova\u0165 najkraj\u0161ie spomienky, ktor\u00e9 men\u00edme na fotografie, fotokn\u00ed\u017eky a suven\u00edry, ktor\u00e9 si budete m\u00f4c\u0165 u\u017e\u00edva\u0165 po dlh\u00e9 roky. N\u00e1s pr\u00edbeh Za\u010dali sme v roku 1996, ke\u010f sa e\u0161te fotografie robili na tradi\u010dnom fotografickom filme a vyvol\u00e1vali v predajniach s fotografick\u00fdmi slu\u017ebami, zatia\u013e \u010do sn\u00edmky sa lepili do albumov. Odvtedy sa ve\u013ea zmenilo, a my sme sa preniesli zo stacion\u00e1rnych sal\u00f3nov na web a stali sme sa najpopul\u00e1rnej\u0161\u00edm online obchodom vo svojom odbore v Po\u013esku. Povzbuden\u00ed \u00faspechom na rodnom trhu, sme roz\u0161\u00edrili \u010dinnos\u0165 na \u00fazem\u00ed \u010ceskej republiky a Slovenska, kde sme pr\u00edtomn\u00ed od roku 2017. Neust\u00e1le sa men\u00edme a rozv\u00edjame, ale na\u010falej sme vern\u00ed na\u0161ej prvotnej amb\u00edcii, aby sme zachyten\u00e9 spomienky o\u017eivovali najkvalitnej\u0161\u00edmi fotografick\u00fdmi produktmi. Pr\u00eds\u013eub najvy\u0161\u0161ej kvality V Empik Foto vyv\u00edjame snahu o perfektn\u00e9 vykonanie ka\u017ed\u00e9ho produktu, preto neuzn\u00e1vame kompromisy s kvalitou. V\u010faka najmodernej\u0161\u00edm technol\u00f3gi\u00e1m, najkvalitnej\u0161\u00edm materi\u00e1lom a trochu m\u00e1gie, v\u00e1m pom\u00e1hame zmeni\u0165 va\u0161e ob\u013e\u00faben\u00e9 spomienky na fotografie a fotodar\u010deky, ktor\u00e9 v\u00e1m bud\u00fa robi\u0165 rados\u0165 po cel\u00fd \u017eivot. Disponujeme vlastn\u00fdm fotografick\u00fdm laborat\u00f3riom, \u010do n\u00e1m zais\u0165uje pln\u00fa kontrolu nad v\u00fdrobn\u00fdm procesom, a va\u0161\u00edm fotografi\u00e1m \u2013 profesion\u00e1lne spracovanie, ktor\u00e9 si zasl\u00fa\u017eia. V\u00fdsledok? Prvorad\u00e1 kvalita prevedenia a fotoprodukty pod\u013ea va\u0161ich o\u010dak\u00e1van\u00ed.<\/p>\n","protected":false},"author":8,"featured_media":0,"parent":0,"menu_order":0,"comment_status":"closed","ping_status":"closed","template":"","meta":{"footnotes":""},"yoast_head":"<!-- This site is optimized with the Yoast SEO plugin v23.0 - https:\/\/yoast.com\/wordpress\/plugins\/seo\/ -->\n<title>O n\u00e1s | blog.empikfoto.sk<\/title>\n<meta name=\"robots\" content=\"index, follow, max-snippet:-1, max-image-preview:large, max-video-preview:-1\" \/>\n<link rel=\"canonical\" href=\"https:\/\/www.empikfoto.sk\/blog\/o-nas\/\" \/>\n<meta property=\"og:locale\" content=\"pl_PL\" \/>\n<meta property=\"og:type\" content=\"article\" \/>\n<meta property=\"og:title\" content=\"O n\u00e1s | blog.empikfoto.sk\" \/>\n<meta property=\"og:description\" content=\"Empik Foto s\u00fa vysoko kvalitn\u00e9 digit\u00e1lne fotografie a fotodar\u010deky, ktor\u00e9 v\u00e1m dovolia zachyti\u0165 ob\u013e\u00faben\u00e9 momenty a zdie\u013ea\u0165 ich s priate\u013emi a bl\u00edzkymi. Na\u0161e fotokn\u00ed\u017eky, hrn\u010deky, puzdr\u00e1 na telef\u00f3ny, tri\u010dk\u00e1, vank\u00fa\u0161iky, kalend\u00e1re, fotoobrazy a plag\u00e1ty sa skvele osved\u010dia ako origin\u00e1lny suven\u00edr, n\u00e1stenn\u00e1 ozdoba, a tie\u017e personalizovan\u00fd dar\u010dek. O\u017eivujeme spomienky Od v\u00fdznamn\u00fdch a nezabudnute\u013en\u00fdch udalost\u00ed po oby\u010dajn\u00e9, ka\u017edodenn\u00e9 chv\u00edle \u2013 \u017eivot pon\u00faka ka\u017ed\u00e9mu z n\u00e1s ve\u013ea v\u00fdnimo\u010dn\u00fdch chv\u00ed\u013e. Ver\u00edme, \u017ee je ka\u017ed\u00e1 z nich neopakovate\u013en\u00e1, a pr\u00e1ve preto v\u00e1m pom\u00e1hame uchova\u0165 najkraj\u0161ie spomienky, ktor\u00e9 men\u00edme na fotografie, fotokn\u00ed\u017eky a suven\u00edry, ktor\u00e9 si budete m\u00f4c\u0165 u\u017e\u00edva\u0165 po dlh\u00e9 roky. N\u00e1s pr\u00edbeh Za\u010dali sme v roku 1996, ke\u010f sa e\u0161te fotografie robili na tradi\u010dnom fotografickom filme a vyvol\u00e1vali v predajniach s fotografick\u00fdmi slu\u017ebami, zatia\u013e \u010do sn\u00edmky sa lepili do albumov. Odvtedy sa ve\u013ea zmenilo, a my sme sa preniesli zo stacion\u00e1rnych sal\u00f3nov na web a stali sme sa najpopul\u00e1rnej\u0161\u00edm online obchodom vo svojom odbore v Po\u013esku. Povzbuden\u00ed \u00faspechom na rodnom trhu, sme roz\u0161\u00edrili \u010dinnos\u0165 na \u00fazem\u00ed \u010ceskej republiky a Slovenska, kde sme pr\u00edtomn\u00ed od roku 2017. Neust\u00e1le sa men\u00edme a rozv\u00edjame, ale na\u010falej sme vern\u00ed na\u0161ej prvotnej amb\u00edcii, aby sme zachyten\u00e9 spomienky o\u017eivovali najkvalitnej\u0161\u00edmi fotografick\u00fdmi produktmi. Pr\u00eds\u013eub najvy\u0161\u0161ej kvality V Empik Foto vyv\u00edjame snahu o perfektn\u00e9 vykonanie ka\u017ed\u00e9ho produktu, preto neuzn\u00e1vame kompromisy s kvalitou. V\u010faka najmodernej\u0161\u00edm technol\u00f3gi\u00e1m, najkvalitnej\u0161\u00edm materi\u00e1lom a trochu m\u00e1gie, v\u00e1m pom\u00e1hame zmeni\u0165 va\u0161e ob\u013e\u00faben\u00e9 spomienky na fotografie a fotodar\u010deky, ktor\u00e9 v\u00e1m bud\u00fa robi\u0165 rados\u0165 po cel\u00fd \u017eivot. Disponujeme vlastn\u00fdm fotografick\u00fdm laborat\u00f3riom, \u010do n\u00e1m zais\u0165uje pln\u00fa kontrolu nad v\u00fdrobn\u00fdm procesom, a va\u0161\u00edm fotografi\u00e1m \u2013 profesion\u00e1lne spracovanie, ktor\u00e9 si zasl\u00fa\u017eia. V\u00fdsledok? Prvorad\u00e1 kvalita prevedenia a fotoprodukty pod\u013ea va\u0161ich o\u010dak\u00e1van\u00ed.\" \/>\n<meta property=\"og:url\" content=\"https:\/\/www.empikfoto.sk\/blog\/o-nas\/\" \/>\n<meta property=\"og:site_name\" content=\"blog.empikfoto.sk\" \/>\n<meta property=\"article:publisher\" content=\"https:\/\/www.facebook.com\/empikfotopl\/\" \/>\n<meta property=\"article:modified_time\" content=\"2019-07-04T15:55:59+00:00\" \/>\n<meta property=\"og:image\" content=\"https:\/\/static.empikfoto.pl\/slowacja\/images\/O-nas\/2.jpg\" \/>\n<meta name=\"twitter:card\" content=\"summary_large_image\" \/>\n<meta name=\"twitter:site\" content=\"@empikfoto\" \/>\n<meta name=\"twitter:label1\" content=\"Szacowany czas czytania\" \/>\n\t<meta name=\"twitter:data1\" content=\"2 minuty\" \/>\n<script type=\"application\/ld+json\" class=\"yoast-schema-graph\">{\"@context\":\"https:\/\/schema.org\",\"@graph\":[{\"@type\":\"WebPage\",\"@id\":\"https:\/\/www.empikfoto.sk\/blog\/o-nas\/\",\"url\":\"https:\/\/www.empikfoto.sk\/blog\/o-nas\/\",\"name\":\"O n\u00e1s | blog.empikfoto.sk\",\"isPartOf\":{\"@id\":\"https:\/\/www.empikfoto.sk\/blog\/#website\"},\"primaryImageOfPage\":{\"@id\":\"https:\/\/www.empikfoto.sk\/blog\/o-nas\/#primaryimage\"},\"image\":{\"@id\":\"https:\/\/www.empikfoto.sk\/blog\/o-nas\/#primaryimage\"},\"thumbnailUrl\":\"https:\/\/static.empikfoto.pl\/slowacja\/images\/O-nas\/2.jpg\",\"datePublished\":\"2017-04-06T10:37:46+00:00\",\"dateModified\":\"2019-07-04T15:55:59+00:00\",\"breadcrumb\":{\"@id\":\"https:\/\/www.empikfoto.sk\/blog\/o-nas\/#breadcrumb\"},\"inLanguage\":\"pl-PL\",\"potentialAction\":[{\"@type\":\"ReadAction\",\"target\":[\"https:\/\/www.empikfoto.sk\/blog\/o-nas\/\"]}]},{\"@type\":\"ImageObject\",\"inLanguage\":\"pl-PL\",\"@id\":\"https:\/\/www.empikfoto.sk\/blog\/o-nas\/#primaryimage\",\"url\":\"https:\/\/static.empikfoto.pl\/slowacja\/images\/O-nas\/2.jpg\",\"contentUrl\":\"https:\/\/static.empikfoto.pl\/slowacja\/images\/O-nas\/2.jpg\"},{\"@type\":\"BreadcrumbList\",\"@id\":\"https:\/\/www.empikfoto.sk\/blog\/o-nas\/#breadcrumb\",\"itemListElement\":[{\"@type\":\"ListItem\",\"position\":1,\"name\":\"Home\",\"item\":\"https:\/\/www.empikfoto.sk\/blog\/\"},{\"@type\":\"ListItem\",\"position\":2,\"name\":\"O n\u00e1s\"}]},{\"@type\":\"WebSite\",\"@id\":\"https:\/\/www.empikfoto.sk\/blog\/#website\",\"url\":\"https:\/\/www.empikfoto.sk\/blog\/\",\"name\":\"blog.empikfoto.sk\",\"description\":\"Zozn\u00e1mte empikfoto.sk zvn\u00fatra! Z\u00edskajte viac inform\u00e1ci\u00ed o v\u00fdtla\u010dkoch, fotoknih\u00e1ch a fotografi\u00e1ch.\",\"potentialAction\":[{\"@type\":\"SearchAction\",\"target\":{\"@type\":\"EntryPoint\",\"urlTemplate\":\"https:\/\/www.empikfoto.sk\/blog\/?s={search_term_string}\"},\"query-input\":\"required name=search_term_string\"}],\"inLanguage\":\"pl-PL\"}]}<\/script>\n<!-- \/ Yoast SEO plugin. -->","yoast_head_json":{"title":"O n\u00e1s | blog.empikfoto.sk","robots":{"index":"index","follow":"follow","max-snippet":"max-snippet:-1","max-image-preview":"max-image-preview:large","max-video-preview":"max-video-preview:-1"},"canonical":"https:\/\/www.empikfoto.sk\/blog\/o-nas\/","og_locale":"pl_PL","og_type":"article","og_title":"O n\u00e1s | blog.empikfoto.sk","og_description":"Empik Foto s\u00fa vysoko kvalitn\u00e9 digit\u00e1lne fotografie a fotodar\u010deky, ktor\u00e9 v\u00e1m dovolia zachyti\u0165 ob\u013e\u00faben\u00e9 momenty a zdie\u013ea\u0165 ich s priate\u013emi a bl\u00edzkymi. Na\u0161e fotokn\u00ed\u017eky, hrn\u010deky, puzdr\u00e1 na telef\u00f3ny, tri\u010dk\u00e1, vank\u00fa\u0161iky, kalend\u00e1re, fotoobrazy a plag\u00e1ty sa skvele osved\u010dia ako origin\u00e1lny suven\u00edr, n\u00e1stenn\u00e1 ozdoba, a tie\u017e personalizovan\u00fd dar\u010dek. O\u017eivujeme spomienky Od v\u00fdznamn\u00fdch a nezabudnute\u013en\u00fdch udalost\u00ed po oby\u010dajn\u00e9, ka\u017edodenn\u00e9 chv\u00edle \u2013 \u017eivot pon\u00faka ka\u017ed\u00e9mu z n\u00e1s ve\u013ea v\u00fdnimo\u010dn\u00fdch chv\u00ed\u013e. Ver\u00edme, \u017ee je ka\u017ed\u00e1 z nich neopakovate\u013en\u00e1, a pr\u00e1ve preto v\u00e1m pom\u00e1hame uchova\u0165 najkraj\u0161ie spomienky, ktor\u00e9 men\u00edme na fotografie, fotokn\u00ed\u017eky a suven\u00edry, ktor\u00e9 si budete m\u00f4c\u0165 u\u017e\u00edva\u0165 po dlh\u00e9 roky. N\u00e1s pr\u00edbeh Za\u010dali sme v roku 1996, ke\u010f sa e\u0161te fotografie robili na tradi\u010dnom fotografickom filme a vyvol\u00e1vali v predajniach s fotografick\u00fdmi slu\u017ebami, zatia\u013e \u010do sn\u00edmky sa lepili do albumov. Odvtedy sa ve\u013ea zmenilo, a my sme sa preniesli zo stacion\u00e1rnych sal\u00f3nov na web a stali sme sa najpopul\u00e1rnej\u0161\u00edm online obchodom vo svojom odbore v Po\u013esku. Povzbuden\u00ed \u00faspechom na rodnom trhu, sme roz\u0161\u00edrili \u010dinnos\u0165 na \u00fazem\u00ed \u010ceskej republiky a Slovenska, kde sme pr\u00edtomn\u00ed od roku 2017. Neust\u00e1le sa men\u00edme a rozv\u00edjame, ale na\u010falej sme vern\u00ed na\u0161ej prvotnej amb\u00edcii, aby sme zachyten\u00e9 spomienky o\u017eivovali najkvalitnej\u0161\u00edmi fotografick\u00fdmi produktmi. Pr\u00eds\u013eub najvy\u0161\u0161ej kvality V Empik Foto vyv\u00edjame snahu o perfektn\u00e9 vykonanie ka\u017ed\u00e9ho produktu, preto neuzn\u00e1vame kompromisy s kvalitou. V\u010faka najmodernej\u0161\u00edm technol\u00f3gi\u00e1m, najkvalitnej\u0161\u00edm materi\u00e1lom a trochu m\u00e1gie, v\u00e1m pom\u00e1hame zmeni\u0165 va\u0161e ob\u013e\u00faben\u00e9 spomienky na fotografie a fotodar\u010deky, ktor\u00e9 v\u00e1m bud\u00fa robi\u0165 rados\u0165 po cel\u00fd \u017eivot. Disponujeme vlastn\u00fdm fotografick\u00fdm laborat\u00f3riom, \u010do n\u00e1m zais\u0165uje pln\u00fa kontrolu nad v\u00fdrobn\u00fdm procesom, a va\u0161\u00edm fotografi\u00e1m \u2013 profesion\u00e1lne spracovanie, ktor\u00e9 si zasl\u00fa\u017eia. V\u00fdsledok? Prvorad\u00e1 kvalita prevedenia a fotoprodukty pod\u013ea va\u0161ich o\u010dak\u00e1van\u00ed.","og_url":"https:\/\/www.empikfoto.sk\/blog\/o-nas\/","og_site_name":"blog.empikfoto.sk","article_publisher":"https:\/\/www.facebook.com\/empikfotopl\/","article_modified_time":"2019-07-04T15:55:59+00:00","og_image":[{"url":"https:\/\/static.empikfoto.pl\/slowacja\/images\/O-nas\/2.jpg"}],"twitter_card":"summary_large_image","twitter_site":"@empikfoto","twitter_misc":{"Szacowany czas czytania":"2 minuty"},"schema":{"@context":"https:\/\/schema.org","@graph":[{"@type":"WebPage","@id":"https:\/\/www.empikfoto.sk\/blog\/o-nas\/","url":"https:\/\/www.empikfoto.sk\/blog\/o-nas\/","name":"O n\u00e1s | blog.empikfoto.sk","isPartOf":{"@id":"https:\/\/www.empikfoto.sk\/blog\/#website"},"primaryImageOfPage":{"@id":"https:\/\/www.empikfoto.sk\/blog\/o-nas\/#primaryimage"},"image":{"@id":"https:\/\/www.empikfoto.sk\/blog\/o-nas\/#primaryimage"},"thumbnailUrl":"https:\/\/static.empikfoto.pl\/slowacja\/images\/O-nas\/2.jpg","datePublished":"2017-04-06T10:37:46+00:00","dateModified":"2019-07-04T15:55:59+00:00","breadcrumb":{"@id":"https:\/\/www.empikfoto.sk\/blog\/o-nas\/#breadcrumb"},"inLanguage":"pl-PL","potentialAction":[{"@type":"ReadAction","target":["https:\/\/www.empikfoto.sk\/blog\/o-nas\/"]}]},{"@type":"ImageObject","inLanguage":"pl-PL","@id":"https:\/\/www.empikfoto.sk\/blog\/o-nas\/#primaryimage","url":"https:\/\/static.empikfoto.pl\/slowacja\/images\/O-nas\/2.jpg","contentUrl":"https:\/\/static.empikfoto.pl\/slowacja\/images\/O-nas\/2.jpg"},{"@type":"BreadcrumbList","@id":"https:\/\/www.empikfoto.sk\/blog\/o-nas\/#breadcrumb","itemListElement":[{"@type":"ListItem","position":1,"name":"Home","item":"https:\/\/www.empikfoto.sk\/blog\/"},{"@type":"ListItem","position":2,"name":"O n\u00e1s"}]},{"@type":"WebSite","@id":"https:\/\/www.empikfoto.sk\/blog\/#website","url":"https:\/\/www.empikfoto.sk\/blog\/","name":"blog.empikfoto.sk","description":"Zozn\u00e1mte empikfoto.sk zvn\u00fatra! Z\u00edskajte viac inform\u00e1ci\u00ed o v\u00fdtla\u010dkoch, fotoknih\u00e1ch a fotografi\u00e1ch.","potentialAction":[{"@type":"SearchAction","target":{"@type":"EntryPoint","urlTemplate":"https:\/\/www.empikfoto.sk\/blog\/?s={search_term_string}"},"query-input":"required name=search_term_string"}],"inLanguage":"pl-PL"}]}},"_links":{"self":[{"href":"https:\/\/www.empikfoto.sk\/blog\/wp-json\/wp\/v2\/pages\/6756"}],"collection":[{"href":"https:\/\/www.empikfoto.sk\/blog\/wp-json\/wp\/v2\/pages"}],"about":[{"href":"https:\/\/www.empikfoto.sk\/blog\/wp-json\/wp\/v2\/types\/page"}],"author":[{"embeddable":true,"href":"https:\/\/www.empikfoto.sk\/blog\/wp-json\/wp\/v2\/users\/8"}],"replies":[{"embeddable":true,"href":"https:\/\/www.empikfoto.sk\/blog\/wp-json\/wp\/v2\/comments?post=6756"}],"version-history":[{"count":4,"href":"https:\/\/www.empikfoto.sk\/blog\/wp-json\/wp\/v2\/pages\/6756\/revisions"}],"predecessor-version":[{"id":8678,"href":"https:\/\/www.empikfoto.sk\/blog\/wp-json\/wp\/v2\/pages\/6756\/revisions\/8678"}],"wp:attachment":[{"href":"https:\/\/www.empikfoto.sk\/blog\/wp-json\/wp\/v2\/media?parent=6756"}],"curies":[{"name":"wp","href":"https:\/\/api.w.org\/{rel}","templated":true}]}}